{"id":46,"date":"2018-05-18T15:02:17","date_gmt":"2018-05-18T13:02:17","guid":{"rendered":"https:\/\/bauelemente-bielefeld.de\/?page_id=46"},"modified":"2018-05-18T15:02:17","modified_gmt":"2018-05-18T13:02:17","slug":"einbruchschutz","status":"publish","type":"page","link":"https:\/\/bauelemente-bielefeld.de\/?page_id=46","title":{"rendered":"Einbruchschutz"},"content":{"rendered":"<p>Hier werden demn\u00e4chst f\u00fcr Sie die Begriffe<br \/>\nEinbruchh\u00e4mmung bzw. Einbruchschutz<br \/>\nund die dazugeh\u00f6rigen Ma\u00dfnahmen erl\u00e4utert.<\/p>\n","protected":false},"excerpt":{"rendered":"<p>Hier werden demn\u00e4chst f\u00fcr Sie die Begriffe Einbruchh\u00e4mmung bzw. Einbruchschutz und die dazugeh\u00f6rigen Ma\u00dfnahmen erl\u00e4utert.<\/p>\n","protected":false},"author":1,"featured_media":0,"parent":0,"menu_order":0,"comment_status":"closed","ping_status":"closed","template":"","meta":{"footnotes":""},"_links":{"self":[{"href":"https:\/\/bauelemente-bielefeld.de\/index.php?rest_route=\/wp\/v2\/pages\/46"}],"collection":[{"href":"https:\/\/bauelemente-bielefeld.de\/index.php?rest_route=\/wp\/v2\/pages"}],"about":[{"href":"https:\/\/bauelemente-bielefeld.de\/index.php?rest_route=\/wp\/v2\/types\/page"}],"author":[{"embeddable":true,"href":"https:\/\/bauelemente-bielefeld.de\/index.php?rest_route=\/wp\/v2\/users\/1"}],"replies":[{"embeddable":true,"href":"https:\/\/bauelemente-bielefeld.de\/index.php?rest_route=%2Fwp%2Fv2%2Fcomments&post=46"}],"version-history":[{"count":1,"href":"https:\/\/bauelemente-bielefeld.de\/index.php?rest_route=\/wp\/v2\/pages\/46\/revisions"}],"predecessor-version":[{"id":47,"href":"https:\/\/bauelemente-bielefeld.de\/index.php?rest_route=\/wp\/v2\/pages\/46\/revisions\/47"}],"wp:attachment":[{"href":"https:\/\/bauelemente-bielefeld.de\/index.php?rest_route=%2Fwp%2Fv2%2Fmedia&parent=46"}],"curies":[{"name":"wp","href":"https:\/\/api.w.org\/{rel}","templated":true}]}}