{"id":41,"date":"2018-05-18T14:56:10","date_gmt":"2018-05-18T12:56:10","guid":{"rendered":"https:\/\/bauelemente-bielefeld.de\/?page_id=41"},"modified":"2018-05-18T15:03:38","modified_gmt":"2018-05-18T13:03:38","slug":"automation","status":"publish","type":"page","link":"https:\/\/bauelemente-bielefeld.de\/?page_id=41","title":{"rendered":"Automation"},"content":{"rendered":"<p>Hier finden Sie demn\u00e4chst Informationen rund um Automationsm\u00f6glichkeiten von Rolll\u00e4den und co.<br \/>\nSowie den Einstig in das gro\u00dfe Thema Smart-Home<\/p>\n","protected":false},"excerpt":{"rendered":"<p>Hier finden Sie demn\u00e4chst Informationen rund um Automationsm\u00f6glichkeiten von Rolll\u00e4den und co. Sowie den Einstig in das gro\u00dfe Thema Smart-Home<\/p>\n","protected":false},"author":1,"featured_media":0,"parent":0,"menu_order":0,"comment_status":"closed","ping_status":"closed","template":"","meta":{"footnotes":""},"_links":{"self":[{"href":"https:\/\/bauelemente-bielefeld.de\/index.php?rest_route=\/wp\/v2\/pages\/41"}],"collection":[{"href":"https:\/\/bauelemente-bielefeld.de\/index.php?rest_route=\/wp\/v2\/pages"}],"about":[{"href":"https:\/\/bauelemente-bielefeld.de\/index.php?rest_route=\/wp\/v2\/types\/page"}],"author":[{"embeddable":true,"href":"https:\/\/bauelemente-bielefeld.de\/index.php?rest_route=\/wp\/v2\/users\/1"}],"replies":[{"embeddable":true,"href":"https:\/\/bauelemente-bielefeld.de\/index.php?rest_route=%2Fwp%2Fv2%2Fcomments&post=41"}],"version-history":[{"count":2,"href":"https:\/\/bauelemente-bielefeld.de\/index.php?rest_route=\/wp\/v2\/pages\/41\/revisions"}],"predecessor-version":[{"id":49,"href":"https:\/\/bauelemente-bielefeld.de\/index.php?rest_route=\/wp\/v2\/pages\/41\/revisions\/49"}],"wp:attachment":[{"href":"https:\/\/bauelemente-bielefeld.de\/index.php?rest_route=%2Fwp%2Fv2%2Fmedia&parent=41"}],"curies":[{"name":"wp","href":"https:\/\/api.w.org\/{rel}","templated":true}]}}